{"id":8,"date":"2018-02-02T19:52:04","date_gmt":"2018-02-02T19:52:04","guid":{"rendered":"http:\/\/aosma.es\/wordpress\/?page_id=8"},"modified":"2024-09-30T16:40:04","modified_gmt":"2024-09-30T16:40:04","slug":"junta-directiva","status":"publish","type":"page","link":"https:\/\/aosma.es\/wordpress\/presentacion\/junta-directiva\/","title":{"rendered":"Junta directiva"},"content":{"rendered":"\n<figure class=\"wp-block-table\"><table><tbody><tr><td>Presidenta:<\/td><td>Esperanza Samaniego Garc\u00eda<\/td><\/tr><tr><td>Vicepresidenta:<\/td><td>Patricia L\u00f3pez Bejarano<\/td><\/tr><tr><td>Secretaria:<\/td><td>M.\u00aa Isabel Flores S\u00e1nchez<\/td><\/tr><tr><td>Tesorera:<\/td><td>Bel\u00e9n Garc\u00eda Capilla<\/td><\/tr><tr><td>Vocales:<\/td><td><p>M.\u00aa Dolores Garc\u00eda Rom\u00e1n, Ana Cobos Cedillo, Araceli Su\u00e1rez Mu\u00f1oz, \u00c1ngela Mu\u00f1oz S\u00e1nchez, Felipe Rodr\u00edguez Cort\u00e9s, Enrique Gallardo Fortes, Remedios Alarc\u00f3n Lozano, David De la Rosa, Lara Ortigosa Halc\u00f3n.<\/p><\/td><\/tr><\/tbody><\/table><\/figure>\n\n\n\n<p><\/p>\n","protected":false},"excerpt":{"rendered":"<p>Presidenta: Esperanza Samaniego Garc\u00eda Vicepresidenta: Patricia L\u00f3pez Bejarano Secretaria: M.\u00aa Isabel Flores S\u00e1nchez Tesorera: Bel\u00e9n Garc\u00eda Capilla Vocales: M.\u00aa Dolores Garc\u00eda Rom\u00e1n, Ana Cobos Cedillo, Araceli Su\u00e1rez Mu\u00f1oz, \u00c1ngela Mu\u00f1oz S\u00e1nchez, Felipe Rodr\u00edguez Cort\u00e9s, Enrique Gallardo Fortes, Remedios Alarc\u00f3n Lozano, David De la Rosa, Lara Ortigosa Halc\u00f3n.<\/p>\n","protected":false},"author":1,"featured_media":0,"parent":5,"menu_order":0,"comment_status":"closed","ping_status":"closed","template":"","meta":{"generate_page_header":"","footnotes":""},"class_list":["post-8","page","type-page","status-publish"],"_links":{"self":[{"href":"https:\/\/aosma.es\/wordpress\/wp-json\/wp\/v2\/pages\/8","targetHints":{"allow":["GET"]}}],"collection":[{"href":"https:\/\/aosma.es\/wordpress\/wp-json\/wp\/v2\/pages"}],"about":[{"href":"https:\/\/aosma.es\/wordpress\/wp-json\/wp\/v2\/types\/page"}],"author":[{"embeddable":true,"href":"https:\/\/aosma.es\/wordpress\/wp-json\/wp\/v2\/users\/1"}],"replies":[{"embeddable":true,"href":"https:\/\/aosma.es\/wordpress\/wp-json\/wp\/v2\/comments?post=8"}],"version-history":[{"count":10,"href":"https:\/\/aosma.es\/wordpress\/wp-json\/wp\/v2\/pages\/8\/revisions"}],"predecessor-version":[{"id":1943,"href":"https:\/\/aosma.es\/wordpress\/wp-json\/wp\/v2\/pages\/8\/revisions\/1943"}],"up":[{"embeddable":true,"href":"https:\/\/aosma.es\/wordpress\/wp-json\/wp\/v2\/pages\/5"}],"wp:attachment":[{"href":"https:\/\/aosma.es\/wordpress\/wp-json\/wp\/v2\/media?parent=8"}],"curies":[{"name":"wp","href":"https:\/\/api.w.org\/{rel}","templated":true}]}}