{"id":5,"date":"2018-02-02T19:50:24","date_gmt":"2018-02-02T19:50:24","guid":{"rendered":"http:\/\/aosma.es\/wordpress\/?page_id=5"},"modified":"2018-02-10T14:33:46","modified_gmt":"2018-02-10T14:33:46","slug":"presentacion","status":"publish","type":"page","link":"https:\/\/aosma.es\/wordpress\/presentacion\/","title":{"rendered":"La asociaci\u00f3n"},"content":{"rendered":"<p>Asociaci\u00f3n de Orientadores y Orientadoras de la provincia de M\u00e1laga<\/p>\n<p>La orientaci\u00f3n acad\u00e9mica, psicopedag\u00f3gica y profesional es un elemento esencial de calidad en todos los niveles del sistema educativo, de este modo, la figura del orientador u orientadora cobra una dimensi\u00f3n central, por un lado, en la dinamizaci\u00f3n de la mejora del proceso ense\u00f1anza-aprendizaje y por otro, en la facilitaci\u00f3n de la informaci\u00f3n y asesor\u00eda a toda la comunidad educativa.<\/p>\n<p>La complejidad del mundo del siglo XXI y de su sistema educativo plantea l\u00f3gicamente, la necesidad de la actualizaci\u00f3n permanente de las y los profesionales de la orientaci\u00f3n, as\u00ed como de una coordinaci\u00f3n estable para intercambiar experiencias de car\u00e1cter t\u00e9cnico y profesional.<\/p>\n<p>Con estos objetivos entre otros, en 2003 un grupo de profesionales fundamos AOSMA, Asociaci\u00f3n de Orientadores y Orientadoras de la provincial de M\u00e1laga quedando registrada con el n\u00famero 6350 en la secci\u00f3n primera del registro de asociaciones de la Consejer\u00eda de Justicia y Administraci\u00f3n P\u00fablica de la Junta de Andaluc\u00eda .<\/p>\n<p>Nuestro compromiso como asociaci\u00f3n profesional comienza por la implicaci\u00f3n en el sistema educativo formal y abarca a la sociedad en su conjunto desde nuestra disposici\u00f3n a colaborar en la mejora de la educaci\u00f3n desde la orientaci\u00f3n educativa.<\/p>\n<p>Ernesto de la Plata Villamuelas<\/p>\n<p>Presidente fundador de AOSMA<\/p>\n","protected":false},"excerpt":{"rendered":"<p>Asociaci\u00f3n de Orientadores y Orientadoras de la provincia de M\u00e1laga La orientaci\u00f3n acad\u00e9mica, psicopedag\u00f3gica y profesional es un elemento esencial de calidad en todos los niveles del sistema educativo, de este modo, la figura del orientador u orientadora cobra una dimensi\u00f3n central, por un lado, en la dinamizaci\u00f3n de la mejora del proceso ense\u00f1anza-aprendizaje y &#8230; <a title=\"La asociaci\u00f3n\" class=\"read-more\" href=\"https:\/\/aosma.es\/wordpress\/presentacion\/\" aria-label=\"Leer m\u00e1s sobre La asociaci\u00f3n\">Leer m\u00e1s<\/a><\/p>\n","protected":false},"author":1,"featured_media":0,"parent":0,"menu_order":0,"comment_status":"closed","ping_status":"closed","template":"","meta":{"generate_page_header":"","footnotes":""},"class_list":["post-5","page","type-page","status-publish"],"_links":{"self":[{"href":"https:\/\/aosma.es\/wordpress\/wp-json\/wp\/v2\/pages\/5","targetHints":{"allow":["GET"]}}],"collection":[{"href":"https:\/\/aosma.es\/wordpress\/wp-json\/wp\/v2\/pages"}],"about":[{"href":"https:\/\/aosma.es\/wordpress\/wp-json\/wp\/v2\/types\/page"}],"author":[{"embeddable":true,"href":"https:\/\/aosma.es\/wordpress\/wp-json\/wp\/v2\/users\/1"}],"replies":[{"embeddable":true,"href":"https:\/\/aosma.es\/wordpress\/wp-json\/wp\/v2\/comments?post=5"}],"version-history":[{"count":2,"href":"https:\/\/aosma.es\/wordpress\/wp-json\/wp\/v2\/pages\/5\/revisions"}],"predecessor-version":[{"id":65,"href":"https:\/\/aosma.es\/wordpress\/wp-json\/wp\/v2\/pages\/5\/revisions\/65"}],"wp:attachment":[{"href":"https:\/\/aosma.es\/wordpress\/wp-json\/wp\/v2\/media?parent=5"}],"curies":[{"name":"wp","href":"https:\/\/api.w.org\/{rel}","templated":true}]}}