{"id":1991,"date":"2025-07-23T08:07:54","date_gmt":"2025-07-23T08:07:54","guid":{"rendered":"https:\/\/aosma.es\/wordpress\/?page_id=1991"},"modified":"2025-07-23T08:19:00","modified_gmt":"2025-07-23T08:19:00","slug":"aviso-legal","status":"publish","type":"page","link":"https:\/\/aosma.es\/wordpress\/aviso-legal\/","title":{"rendered":"AVISO LEGAL\u00a0"},"content":{"rendered":"\n<h3 class=\"wp-block-heading\"><strong>1. Titularidad del sitio web<\/strong><\/h3>\n\n\n\n<p>En cumplimiento del art\u00edculo 10 de la Ley 34\/2002 (LSSI-CE), se informa:<\/p>\n\n\n\n<ul class=\"wp-block-list\">\n<li><strong>Entidad responsable<\/strong>: Asociaci\u00f3n de Orientadores y Orientadoras de la provincia de M\u00e1laga (AOSMA)<\/li>\n\n\n\n<li><strong>Direcci\u00f3n: <\/strong>\u00a0IES \u00abMare Nostrum\u00bb Calle Villanueva de Algaidas, 9, 29004 M\u00e1laga<\/li>\n\n\n\n<li><strong>Correo de contacto<\/strong>: secretaria@aosma.es<\/li>\n\n\n\n<li><strong>Web<\/strong>: <a href=\"https:\/\/aosma.es\">https:\/\/aosma.es<\/a><\/li>\n<\/ul>\n\n\n\n<hr class=\"wp-block-separator has-alpha-channel-opacity\"\/>\n\n\n\n<h3 class=\"wp-block-heading\"><strong>2. Propiedad intelectual<\/strong><\/h3>\n\n\n\n<p>Todos los contenidos de este sitio web (textos, logotipos, im\u00e1genes, etc.) son propiedad de AOSMA o se usan con permiso. Est\u00e1 prohibida su reproducci\u00f3n total o parcial sin autorizaci\u00f3n expresa.<\/p>\n\n\n\n<hr class=\"wp-block-separator has-alpha-channel-opacity\"\/>\n\n\n\n<h3 class=\"wp-block-heading\"><strong>3. Uso del sitio web<\/strong><\/h3>\n\n\n\n<p>El acceso a este sitio web implica la aceptaci\u00f3n de los t\u00e9rminos del presente aviso legal. El usuario se compromete a hacer un uso responsable del contenido, evitando cualquier acci\u00f3n que pueda da\u00f1ar el sitio o interferir en su funcionamiento.<\/p>\n\n\n\n<hr class=\"wp-block-separator has-alpha-channel-opacity\"\/>\n\n\n\n<h3 class=\"wp-block-heading\"><strong>4. Enlaces a terceros<\/strong><\/h3>\n\n\n\n<p>Este sitio puede contener enlaces a formularios o servicios externos (como Google Forms). AOSMA no se responsabiliza del contenido ni de la pol\u00edtica de privacidad de dichas plataformas externas.<\/p>\n\n\n\n<hr class=\"wp-block-separator has-alpha-channel-opacity\"\/>\n\n\n\n<h3 class=\"wp-block-heading\"><strong>5. Limitaci\u00f3n de responsabilidad<\/strong><\/h3>\n\n\n\n<p>AOSMA no garantiza la disponibilidad permanente del sitio web, ni la ausencia de errores t\u00e9cnicos. No se responsabiliza de los da\u00f1os derivados del uso del sitio por parte de terceros.<\/p>\n\n\n\n<hr class=\"wp-block-separator has-alpha-channel-opacity\"\/>\n\n\n\n<h3 class=\"wp-block-heading\"><strong>6. Legislaci\u00f3n y jurisdicci\u00f3n<\/strong><\/h3>\n\n\n\n<p>Este sitio web se rige por la legislaci\u00f3n espa\u00f1ola. Cualquier controversia ser\u00e1 resuelta ante los Juzgados y Tribunales de M\u00e1laga, salvo que la normativa de protecci\u00f3n de consumidores disponga lo contrario.<\/p>\n","protected":false},"excerpt":{"rendered":"<p>1. Titularidad del sitio web En cumplimiento del art\u00edculo 10 de la Ley 34\/2002 (LSSI-CE), se informa: 2. Propiedad intelectual Todos los contenidos de este sitio web (textos, logotipos, im\u00e1genes, etc.) son propiedad de AOSMA o se usan con permiso. Est\u00e1 prohibida su reproducci\u00f3n total o parcial sin autorizaci\u00f3n expresa. 3. Uso del sitio web &#8230; <a title=\"AVISO LEGAL\u00a0\" class=\"read-more\" href=\"https:\/\/aosma.es\/wordpress\/aviso-legal\/\" aria-label=\"Leer m\u00e1s sobre AVISO LEGAL\u00a0\">Leer m\u00e1s<\/a><\/p>\n","protected":false},"author":1,"featured_media":0,"parent":0,"menu_order":0,"comment_status":"closed","ping_status":"closed","template":"","meta":{"generate_page_header":"","footnotes":""},"class_list":["post-1991","page","type-page","status-publish"],"_links":{"self":[{"href":"https:\/\/aosma.es\/wordpress\/wp-json\/wp\/v2\/pages\/1991","targetHints":{"allow":["GET"]}}],"collection":[{"href":"https:\/\/aosma.es\/wordpress\/wp-json\/wp\/v2\/pages"}],"about":[{"href":"https:\/\/aosma.es\/wordpress\/wp-json\/wp\/v2\/types\/page"}],"author":[{"embeddable":true,"href":"https:\/\/aosma.es\/wordpress\/wp-json\/wp\/v2\/users\/1"}],"replies":[{"embeddable":true,"href":"https:\/\/aosma.es\/wordpress\/wp-json\/wp\/v2\/comments?post=1991"}],"version-history":[{"count":3,"href":"https:\/\/aosma.es\/wordpress\/wp-json\/wp\/v2\/pages\/1991\/revisions"}],"predecessor-version":[{"id":1994,"href":"https:\/\/aosma.es\/wordpress\/wp-json\/wp\/v2\/pages\/1991\/revisions\/1994"}],"wp:attachment":[{"href":"https:\/\/aosma.es\/wordpress\/wp-json\/wp\/v2\/media?parent=1991"}],"curies":[{"name":"wp","href":"https:\/\/api.w.org\/{rel}","templated":true}]}}